{"id":619,"date":"2025-03-11T16:26:22","date_gmt":"2025-03-11T16:26:22","guid":{"rendered":"https:\/\/brunnertraduzioni.ch\/ueber-uns\/"},"modified":"2025-03-25T16:45:26","modified_gmt":"2025-03-25T16:45:26","slug":"ueber-uns","status":"publish","type":"page","link":"https:\/\/brunnertraduzioni.ch\/de\/ueber-uns\/","title":{"rendered":"\u00dcber uns"},"content":{"rendered":"\t\t<div data-elementor-type=\"wp-page\" data-elementor-id=\"619\" class=\"elementor elementor-619 elementor-410\" data-elementor-post-type=\"page\">\n\t\t\t\t<div class=\"elementor-element elementor-element-3466f71 envato-kit-141-top-0 e-flex e-con-boxed e-con e-parent\" data-id=\"3466f71\" data-element_type=\"container\" data-e-type=\"container\" data-settings=\"{&quot;background_background&quot;:&quot;classic&quot;}\">\n\t\t\t\t\t<div class=\"e-con-inner\">\n\t\t<div class=\"elementor-element elementor-element-eb46e43 e-con-full e-flex e-con e-child\" data-id=\"eb46e43\" data-element_type=\"container\" data-e-type=\"container\">\n\t\t\t\t<div class=\"elementor-element elementor-element-3c1dadc elementor-widget elementor-widget-image\" data-id=\"3c1dadc\" data-element_type=\"widget\" data-e-type=\"widget\" data-widget_type=\"image.default\">\n\t\t\t\t<div class=\"elementor-widget-container\">\n\t\t\t\t\t\t\t\t\t\t\t\t\t\t\t<img fetchpriority=\"high\" decoding=\"async\" width=\"800\" height=\"533\" src=\"https:\/\/brunnertraduzioni.ch\/wp-content\/uploads\/sites\/93\/2025\/03\/rawpixel-799380-unsplash-1024x682.jpg\" class=\"attachment-large size-large wp-image-564\" alt=\"\" srcset=\"https:\/\/brunnertraduzioni.ch\/wp-content\/uploads\/sites\/93\/2025\/03\/rawpixel-799380-unsplash-1024x682.jpg 1024w, https:\/\/brunnertraduzioni.ch\/wp-content\/uploads\/sites\/93\/2025\/03\/rawpixel-799380-unsplash-300x200.jpg 300w, https:\/\/brunnertraduzioni.ch\/wp-content\/uploads\/sites\/93\/2025\/03\/rawpixel-799380-unsplash-768x512.jpg 768w, https:\/\/brunnertraduzioni.ch\/wp-content\/uploads\/sites\/93\/2025\/03\/rawpixel-799380-unsplash-1536x1023.jpg 1536w, https:\/\/brunnertraduzioni.ch\/wp-content\/uploads\/sites\/93\/2025\/03\/rawpixel-799380-unsplash.jpg 1600w\" sizes=\"(max-width: 800px) 100vw, 800px\" \/>\t\t\t\t\t\t\t\t\t\t\t\t\t\t\t<\/div>\n\t\t\t\t<\/div>\n\t\t\t\t<\/div>\n\t\t<div class=\"elementor-element elementor-element-ad6ec8f e-con-full e-flex e-con e-child\" data-id=\"ad6ec8f\" data-element_type=\"container\" data-e-type=\"container\">\n\t\t\t\t<div class=\"elementor-element elementor-element-252de76 elementor-invisible elementor-widget elementor-widget-heading\" data-id=\"252de76\" data-element_type=\"widget\" data-e-type=\"widget\" data-settings=\"{&quot;_animation&quot;:&quot;fadeIn&quot;,&quot;_animation_delay&quot;:100}\" data-widget_type=\"heading.default\">\n\t\t\t\t<div class=\"elementor-widget-container\">\n\t\t\t\t\t<h2 class=\"elementor-heading-title elementor-size-default\">\u00dcber uns<\/h2>\t\t\t\t<\/div>\n\t\t\t\t<\/div>\n\t\t\t\t<div class=\"elementor-element elementor-element-90305a3 elementor-widget-divider--view-line elementor-invisible elementor-widget elementor-widget-divider\" data-id=\"90305a3\" data-element_type=\"widget\" data-e-type=\"widget\" data-settings=\"{&quot;_animation&quot;:&quot;fadeIn&quot;,&quot;_animation_delay&quot;:150}\" data-widget_type=\"divider.default\">\n\t\t\t\t<div class=\"elementor-widget-container\">\n\t\t\t\t\t\t\t<div class=\"elementor-divider\">\n\t\t\t<span class=\"elementor-divider-separator\">\n\t\t\t\t\t\t<\/span>\n\t\t<\/div>\n\t\t\t\t\t\t<\/div>\n\t\t\t\t<\/div>\n\t\t\t\t<div class=\"elementor-element elementor-element-1d95ab5 elementor-invisible elementor-widget elementor-widget-heading\" data-id=\"1d95ab5\" data-element_type=\"widget\" data-e-type=\"widget\" data-settings=\"{&quot;_animation&quot;:&quot;fadeIn&quot;,&quot;_animation_delay&quot;:200}\" data-widget_type=\"heading.default\">\n\t\t\t\t<div class=\"elementor-widget-container\">\n\t\t\t\t\t<h2 class=\"elementor-heading-title elementor-size-default\">Brunner Traduzioni ist ein \u00dcbersetzungsb\u00fcro, das sich auf juristische \u00dcbersetzungen nach Schweizer Rechtsordnung spezialisiert hat. Die Inhaberin ist eine muttersprachliche (Italienisch und Deutsch) Juristin und Fach\u00fcbersetzerin, die \u00fcber langj\u00e4hrige Berufserfahrung verf\u00fcgt. <\/h2>\t\t\t\t<\/div>\n\t\t\t\t<\/div>\n\t\t\t\t<div class=\"elementor-element elementor-element-f824d2e elementor-mobile-align-justify elementor-invisible elementor-widget elementor-widget-button\" data-id=\"f824d2e\" data-element_type=\"widget\" data-e-type=\"widget\" data-settings=\"{&quot;_animation&quot;:&quot;fadeIn&quot;,&quot;_animation_delay&quot;:300}\" data-widget_type=\"button.default\">\n\t\t\t\t<div class=\"elementor-widget-container\">\n\t\t\t\t\t\t\t\t\t<div class=\"elementor-button-wrapper\">\n\t\t\t\t\t<a class=\"elementor-button elementor-button-link elementor-size-md\" href=\"#contatti\">\n\t\t\t\t\t\t<span class=\"elementor-button-content-wrapper\">\n\t\t\t\t\t\t<span class=\"elementor-button-icon\">\n\t\t\t\t<svg aria-hidden=\"true\" class=\"e-font-icon-svg e-far-arrow-alt-circle-right\" viewBox=\"0 0 512 512\" xmlns=\"http:\/\/www.w3.org\/2000\/svg\"><path d=\"M504 256C504 119 393 8 256 8S8 119 8 256s111 248 248 248 248-111 248-248zm-448 0c0-110.5 89.5-200 200-200s200 89.5 200 200-89.5 200-200 200S56 366.5 56 256zm72 20v-40c0-6.6 5.4-12 12-12h116v-67c0-10.7 12.9-16 20.5-8.5l99 99c4.7 4.7 4.7 12.3 0 17l-99 99c-7.6 7.6-20.5 2.2-20.5-8.5v-67H140c-6.6 0-12-5.4-12-12z\"><\/path><\/svg>\t\t\t<\/span>\n\t\t\t\t\t\t\t\t\t<span class=\"elementor-button-text\">Kontaktieren Sie uns<\/span>\n\t\t\t\t\t<\/span>\n\t\t\t\t\t<\/a>\n\t\t\t\t<\/div>\n\t\t\t\t\t\t\t\t<\/div>\n\t\t\t\t<\/div>\n\t\t\t\t<\/div>\n\t\t\t\t\t<\/div>\n\t\t\t\t<\/div>\n\t\t\t\t<\/div>\n\t\t","protected":false},"excerpt":{"rendered":"<p>\u00dcber uns Brunner Traduzioni ist ein \u00dcbersetzungsb\u00fcro, das sich auf juristische \u00dcbersetzungen nach Schweizer Rechtsordnung spezialisiert hat. Die Inhaberin ist eine muttersprachliche (Italienisch und Deutsch) Juristin und Fach\u00fcbersetzerin, die \u00fcber langj\u00e4hrige Berufserfahrung verf\u00fcgt. Kontaktieren Sie uns<\/p>\n","protected":false},"author":3,"featured_media":0,"parent":0,"menu_order":0,"comment_status":"closed","ping_status":"open","template":"","meta":{"_acf_changed":false,"_seopress_robots_primary_cat":"","_seopress_titles_title":"","_seopress_titles_desc":"","_seopress_robots_index":"","footnotes":""},"class_list":["post-619","page","type-page","status-publish","hentry"],"acf":[],"_links":{"self":[{"href":"https:\/\/brunnertraduzioni.ch\/de\/wp-json\/wp\/v2\/pages\/619","targetHints":{"allow":["GET"]}}],"collection":[{"href":"https:\/\/brunnertraduzioni.ch\/de\/wp-json\/wp\/v2\/pages"}],"about":[{"href":"https:\/\/brunnertraduzioni.ch\/de\/wp-json\/wp\/v2\/types\/page"}],"author":[{"embeddable":true,"href":"https:\/\/brunnertraduzioni.ch\/de\/wp-json\/wp\/v2\/users\/3"}],"replies":[{"embeddable":true,"href":"https:\/\/brunnertraduzioni.ch\/de\/wp-json\/wp\/v2\/comments?post=619"}],"version-history":[{"count":0,"href":"https:\/\/brunnertraduzioni.ch\/de\/wp-json\/wp\/v2\/pages\/619\/revisions"}],"wp:attachment":[{"href":"https:\/\/brunnertraduzioni.ch\/de\/wp-json\/wp\/v2\/media?parent=619"}],"curies":[{"name":"wp","href":"https:\/\/api.w.org\/{rel}","templated":true}]}}