{"id":636,"date":"2025-03-07T15:09:17","date_gmt":"2025-03-07T15:09:17","guid":{"rendered":"https:\/\/brunnertraduzioni.ch\/scheidungsurteile-vaterschaftsfeststellungen-und-andere-gerichtliche-entscheidungen\/"},"modified":"2025-05-09T14:54:36","modified_gmt":"2025-05-09T12:54:36","slug":"scheidungsurteile-vaterschaftsfeststellungen-und-andere-gerichtliche-entscheidungen","status":"publish","type":"page","link":"https:\/\/brunnertraduzioni.ch\/de\/scheidungsurteile-vaterschaftsfeststellungen-und-andere-gerichtliche-entscheidungen\/","title":{"rendered":"\u00dcbersetzung von Scheidungsurteilen, Vaterschaftsfeststellungen und anderen juristischen Entscheidungen"},"content":{"rendered":"\t\t<div data-elementor-type=\"wp-page\" data-elementor-id=\"636\" class=\"elementor elementor-636 elementor-30\" data-elementor-post-type=\"page\">\n\t\t\t\t<div class=\"elementor-element elementor-element-b3ca28d envato-kit-141-top-0 e-flex e-con-boxed e-con e-parent\" data-id=\"b3ca28d\" data-element_type=\"container\" data-e-type=\"container\" data-settings=\"{&quot;background_background&quot;:&quot;classic&quot;}\">\n\t\t\t\t\t<div class=\"e-con-inner\">\n\t\t<div class=\"elementor-element elementor-element-a414ec7 e-con-full e-flex e-con e-child\" data-id=\"a414ec7\" data-element_type=\"container\" data-e-type=\"container\">\n\t\t\t\t<div class=\"elementor-element elementor-element-b168214 elementor-widget elementor-widget-image\" data-id=\"b168214\" data-element_type=\"widget\" data-e-type=\"widget\" data-widget_type=\"image.default\">\n\t\t\t\t<div class=\"elementor-widget-container\">\n\t\t\t\t\t\t\t\t\t\t\t\t\t\t\t<img fetchpriority=\"high\" decoding=\"async\" width=\"800\" height=\"534\" src=\"https:\/\/brunnertraduzioni.ch\/wp-content\/uploads\/sites\/93\/2025\/03\/partial-view-of-couple-at-table-with-divorce-documents-1024x683.jpg\" class=\"attachment-large size-large wp-image-590\" alt=\"\" srcset=\"https:\/\/brunnertraduzioni.ch\/wp-content\/uploads\/sites\/93\/2025\/03\/partial-view-of-couple-at-table-with-divorce-documents-1024x683.jpg 1024w, https:\/\/brunnertraduzioni.ch\/wp-content\/uploads\/sites\/93\/2025\/03\/partial-view-of-couple-at-table-with-divorce-documents-300x200.jpg 300w, https:\/\/brunnertraduzioni.ch\/wp-content\/uploads\/sites\/93\/2025\/03\/partial-view-of-couple-at-table-with-divorce-documents-768x512.jpg 768w, https:\/\/brunnertraduzioni.ch\/wp-content\/uploads\/sites\/93\/2025\/03\/partial-view-of-couple-at-table-with-divorce-documents-1536x1025.jpg 1536w, https:\/\/brunnertraduzioni.ch\/wp-content\/uploads\/sites\/93\/2025\/03\/partial-view-of-couple-at-table-with-divorce-documents.jpg 2000w\" sizes=\"(max-width: 800px) 100vw, 800px\" \/>\t\t\t\t\t\t\t\t\t\t\t\t\t\t\t<\/div>\n\t\t\t\t<\/div>\n\t\t\t\t<\/div>\n\t\t<div class=\"elementor-element elementor-element-1b9dd38 e-con-full e-flex e-con e-child\" data-id=\"1b9dd38\" data-element_type=\"container\" data-e-type=\"container\">\n\t\t\t\t<div class=\"elementor-element elementor-element-b42a9b8 elementor-invisible elementor-widget elementor-widget-heading\" data-id=\"b42a9b8\" data-element_type=\"widget\" data-e-type=\"widget\" data-settings=\"{&quot;_animation&quot;:&quot;fadeIn&quot;,&quot;_animation_delay&quot;:100}\" data-widget_type=\"heading.default\">\n\t\t\t\t<div class=\"elementor-widget-container\">\n\t\t\t\t\t<h2 class=\"elementor-heading-title elementor-size-default\">Scheidungsurteile, Vaterschaftsanerkennungen und weitere gerichtliche Entscheidungen<\/h2>\t\t\t\t<\/div>\n\t\t\t\t<\/div>\n\t\t\t\t<div class=\"elementor-element elementor-element-ba80dc2 elementor-widget-divider--view-line elementor-invisible elementor-widget elementor-widget-divider\" data-id=\"ba80dc2\" data-element_type=\"widget\" data-e-type=\"widget\" data-settings=\"{&quot;_animation&quot;:&quot;fadeIn&quot;,&quot;_animation_delay&quot;:150}\" data-widget_type=\"divider.default\">\n\t\t\t\t<div class=\"elementor-widget-container\">\n\t\t\t\t\t\t\t<div class=\"elementor-divider\">\n\t\t\t<span class=\"elementor-divider-separator\">\n\t\t\t\t\t\t<\/span>\n\t\t<\/div>\n\t\t\t\t\t\t<\/div>\n\t\t\t\t<\/div>\n\t\t\t\t<div class=\"elementor-element elementor-element-046b181 elementor-invisible elementor-widget elementor-widget-heading\" data-id=\"046b181\" data-element_type=\"widget\" data-e-type=\"widget\" data-settings=\"{&quot;_animation&quot;:&quot;fadeIn&quot;,&quot;_animation_delay&quot;:200}\" data-widget_type=\"heading.default\">\n\t\t\t\t<div class=\"elementor-widget-container\">\n\t\t\t\t\t<h2 class=\"elementor-heading-title elementor-size-default\">Verlassen Sie sich auf einen spezialisierten juristischen \u00dcbersetzungsdienst f\u00fcr die genaue und beglaubigte \u00dcbersetzung von Scheidungsurteilen, Vaterschaftsanerkennungen und anderen Gerichtsentscheidungen. Unsere \u00dcbersetzungen werden von kantonalen Beh\u00f6rden, Gerichten und Konsulaten anerkannt.<\/h2>\t\t\t\t<\/div>\n\t\t\t\t<\/div>\n\t\t\t\t<div class=\"elementor-element elementor-element-81e681a elementor-mobile-align-justify elementor-invisible elementor-widget elementor-widget-button\" data-id=\"81e681a\" data-element_type=\"widget\" data-e-type=\"widget\" data-settings=\"{&quot;_animation&quot;:&quot;fadeIn&quot;,&quot;_animation_delay&quot;:300}\" data-widget_type=\"button.default\">\n\t\t\t\t<div class=\"elementor-widget-container\">\n\t\t\t\t\t\t\t\t\t<div class=\"elementor-button-wrapper\">\n\t\t\t\t\t<a class=\"elementor-button elementor-button-link elementor-size-md\" href=\"https:\/\/brunnertraduzioni.ch\/de\/kontakt\/\">\n\t\t\t\t\t\t<span class=\"elementor-button-content-wrapper\">\n\t\t\t\t\t\t<span class=\"elementor-button-icon\">\n\t\t\t\t<svg aria-hidden=\"true\" class=\"e-font-icon-svg e-far-arrow-alt-circle-right\" viewBox=\"0 0 512 512\" xmlns=\"http:\/\/www.w3.org\/2000\/svg\"><path d=\"M504 256C504 119 393 8 256 8S8 119 8 256s111 248 248 248 248-111 248-248zm-448 0c0-110.5 89.5-200 200-200s200 89.5 200 200-89.5 200-200 200S56 366.5 56 256zm72 20v-40c0-6.6 5.4-12 12-12h116v-67c0-10.7 12.9-16 20.5-8.5l99 99c4.7 4.7 4.7 12.3 0 17l-99 99c-7.6 7.6-20.5 2.2-20.5-8.5v-67H140c-6.6 0-12-5.4-12-12z\"><\/path><\/svg>\t\t\t<\/span>\n\t\t\t\t\t\t\t\t\t<span class=\"elementor-button-text\">Kontaktieren Sie uns<\/span>\n\t\t\t\t\t<\/span>\n\t\t\t\t\t<\/a>\n\t\t\t\t<\/div>\n\t\t\t\t\t\t\t\t<\/div>\n\t\t\t\t<\/div>\n\t\t\t\t<\/div>\n\t\t\t\t\t<\/div>\n\t\t\t\t<\/div>\n\t\t\t\t<\/div>\n\t\t","protected":false},"excerpt":{"rendered":"<p>Scheidungsurteile, Vaterschaftsanerkennungen und weitere gerichtliche Entscheidungen Verlassen Sie sich auf einen spezialisierten juristischen \u00dcbersetzungsdienst f\u00fcr die genaue und beglaubigte \u00dcbersetzung von Scheidungsurteilen, Vaterschaftsanerkennungen und anderen Gerichtsentscheidungen. Unsere \u00dcbersetzungen werden von kantonalen Beh\u00f6rden, Gerichten und Konsulaten anerkannt. Kontaktieren Sie uns<\/p>\n","protected":false},"author":3,"featured_media":0,"parent":0,"menu_order":0,"comment_status":"closed","ping_status":"open","template":"","meta":{"_acf_changed":false,"_seopress_robots_primary_cat":"","_seopress_titles_title":"","_seopress_titles_desc":"","_seopress_robots_index":"","footnotes":""},"class_list":["post-636","page","type-page","status-publish","hentry"],"acf":[],"_links":{"self":[{"href":"https:\/\/brunnertraduzioni.ch\/de\/wp-json\/wp\/v2\/pages\/636","targetHints":{"allow":["GET"]}}],"collection":[{"href":"https:\/\/brunnertraduzioni.ch\/de\/wp-json\/wp\/v2\/pages"}],"about":[{"href":"https:\/\/brunnertraduzioni.ch\/de\/wp-json\/wp\/v2\/types\/page"}],"author":[{"embeddable":true,"href":"https:\/\/brunnertraduzioni.ch\/de\/wp-json\/wp\/v2\/users\/3"}],"replies":[{"embeddable":true,"href":"https:\/\/brunnertraduzioni.ch\/de\/wp-json\/wp\/v2\/comments?post=636"}],"version-history":[{"count":0,"href":"https:\/\/brunnertraduzioni.ch\/de\/wp-json\/wp\/v2\/pages\/636\/revisions"}],"wp:attachment":[{"href":"https:\/\/brunnertraduzioni.ch\/de\/wp-json\/wp\/v2\/media?parent=636"}],"curies":[{"name":"wp","href":"https:\/\/api.w.org\/{rel}","templated":true}]}}