{"id":656,"date":"2025-03-17T10:52:18","date_gmt":"2025-03-17T10:52:18","guid":{"rendered":"https:\/\/brunnertraduzioni.ch\/rechtsgrundlagen\/"},"modified":"2025-03-25T17:39:22","modified_gmt":"2025-03-25T17:39:22","slug":"rechtsgrundlagen","status":"publish","type":"page","link":"https:\/\/brunnertraduzioni.ch\/de\/rechtsgrundlagen\/","title":{"rendered":"Rechtsgrundlagen"},"content":{"rendered":"\t\t<div data-elementor-type=\"wp-page\" data-elementor-id=\"656\" class=\"elementor elementor-656 elementor-470\" data-elementor-post-type=\"page\">\n\t\t\t\t<div class=\"elementor-element elementor-element-cf6b546 e-flex e-con-boxed e-con e-parent\" data-id=\"cf6b546\" data-element_type=\"container\" data-e-type=\"container\">\n\t\t\t\t\t<div class=\"e-con-inner\">\n\t\t\t\t<div class=\"elementor-element elementor-element-9465a3c elementor-widget elementor-widget-heading\" data-id=\"9465a3c\" data-element_type=\"widget\" data-e-type=\"widget\" data-widget_type=\"heading.default\">\n\t\t\t\t<div class=\"elementor-widget-container\">\n\t\t\t\t\t<h2 class=\"elementor-heading-title elementor-size-default\">Rechtsgrundlagen<\/h2>\t\t\t\t<\/div>\n\t\t\t\t<\/div>\n\t\t\t\t<div class=\"elementor-element elementor-element-046486a elementor-widget elementor-widget-text-editor\" data-id=\"046486a\" data-element_type=\"widget\" data-e-type=\"widget\" data-widget_type=\"text-editor.default\">\n\t\t\t\t<div class=\"elementor-widget-container\">\n\t\t\t\t\t\t\t\t\t<h3>1. <strong>Allgemeine Informationen<\/strong><\/h3><p>Brunner Traduzioni ist ein juristisches \u00dcbersetzungsb\u00fcro mit Sitz in der Schweiz, das im Kanton Tessin t\u00e4tig ist. Zu den angebotenen Dienstleistungen geh\u00f6rt die \u00dcbersetzung juristischer Dokumente aus dem Deutschen ins Italienische und umgekehrt, mit der M\u00f6glichkeit der Beglaubigung. Die T\u00e4tigkeit erfolgt in \u00dcbereinstimmung mit den geltenden Vorschriften f\u00fcr amtliche \u00dcbersetzungen und Beglaubigungen.<\/p><h3>2. <strong>Rechtlicher Rahmen<\/strong><\/h3><p>Die juristischen \u00dcbersetzungen von Brunner Translations werden in \u00dcbereinstimmung mit den folgenden Vorschriften und gesetzlichen Bestimmungen angefertigt:<\/p><ul data-spread=\"false\"><li><p><strong>Schweizerisches Zivilgesetzbuch (ZGB<\/strong> ) und <strong>Obligationenrecht (OR)<\/strong> f\u00fcr notarielle Urkunden, Vertr\u00e4ge und rechtliche Dokumente.<\/p><\/li><li><p><strong>Bundesgesetz \u00fcber den Datenschutz (DSG)<\/strong> f\u00fcr die Behandlung und Vertraulichkeit der erhaltenen Dokumente.<\/p><\/li><li><strong>Haager \u00dcbereinkommen von 1961<\/strong> was die Apostille und die Legalisation \u00fcbersetzter Dokumente betrifft.<\/li><\/ul><h3>3. <strong>G\u00fcltigkeit von juristischen \u00dcbersetzungen<\/strong><\/h3><p>Die bereitgestellten juristischen \u00dcbersetzungen k\u00f6nnen f\u00fcr folgende Zwecke verwendet werden:<\/p><ul data-spread=\"false\"><li><p><strong>Rechts- und Verwaltungsverfahren<\/strong> vor Gerichten, kantonalen Beh\u00f6rden und Konsulaten.<\/p><\/li><li><p><strong>Offizielle Registrierung von<\/strong> Dokumenten bei \u00f6ffentlichen und privaten Stellen.<\/p><\/li><li><p><strong>Kommerzielle und vertragliche Transaktionen<\/strong> f\u00fcr Unternehmen und Privatpersonen.<\/p><\/li><\/ul><p>Wenn eine Authentifizierung erforderlich ist, muss der Kunde dies bei der Anfrage angeben.<\/p><h3>4. <strong>Haftung<\/strong><\/h3><p>Brunner Traduzioni garantiert die gr\u00f6\u00dftm\u00f6gliche Genauigkeit und Konformit\u00e4t der juristischen \u00dcbersetzungen, ist aber nicht verantwortlich f\u00fcr diese:<\/p><ul data-spread=\"false\"><li><p>Die missbr\u00e4uchliche Verwendung von \u00dcbersetzungen durch Kunden.<\/p><\/li><li><p>\u00c4nderungen in der Gesetzgebung nach dem Datum der \u00dcbersetzung.<\/p><\/li><li><p>Entscheidungen von \u00f6ffentlichen oder privaten Stellen \u00fcber die G\u00fcltigkeit einer \u00dcbersetzung.<\/p><\/li><\/ul><h3>5. <strong>Vertraulichkeit und Datenschutz<\/strong><\/h3><p>Alle erhaltenen Informationen und Dokumente werden gem\u00e4\u00df dem <strong>Bundesdatenschutzgesetz (BDSG<\/strong>) vertraulich behandelt. Ohne die ausdr\u00fcckliche Zustimmung des Kunden werden keine Dokumente an Dritte weitergegeben, es sei denn, dies ist gesetzlich vorgeschrieben.<\/p><h3>6. <strong>Zust\u00e4ndigkeit und anwendbares Recht<\/strong><\/h3><p>Alle Streitigkeiten im Zusammenhang mit den von Brunner Translations angebotenen juristischen \u00dcbersetzungsdienstleistungen unterliegen dem <strong>Schweizer Recht<\/strong>. Der Gerichtsstand ist <strong>Locarno, Kanton Tessin<\/strong>.<\/p><p>F\u00fcr weitere Informationen wenden Sie sich bitte an <a><strong>eleonora.brunner@gmx.net<\/strong><\/a>.<\/p>\t\t\t\t\t\t\t\t<\/div>\n\t\t\t\t<\/div>\n\t\t\t\t\t<\/div>\n\t\t\t\t<\/div>\n\t\t\t\t<\/div>\n\t\t","protected":false},"excerpt":{"rendered":"<p>Rechtsgrundlagen 1. Allgemeine Informationen Brunner Traduzioni ist ein juristisches \u00dcbersetzungsb\u00fcro mit Sitz in der Schweiz, das im Kanton Tessin t\u00e4tig ist. Zu den angebotenen Dienstleistungen geh\u00f6rt die \u00dcbersetzung juristischer Dokumente aus dem Deutschen ins Italienische und umgekehrt, mit der M\u00f6glichkeit der Beglaubigung. Die T\u00e4tigkeit erfolgt in \u00dcbereinstimmung mit den geltenden Vorschriften f\u00fcr amtliche \u00dcbersetzungen und [&hellip;]<\/p>\n","protected":false},"author":3,"featured_media":0,"parent":0,"menu_order":0,"comment_status":"closed","ping_status":"open","template":"","meta":{"_acf_changed":false,"_seopress_robots_primary_cat":"","_seopress_titles_title":"","_seopress_titles_desc":"","_seopress_robots_index":"","footnotes":""},"class_list":["post-656","page","type-page","status-publish","hentry"],"acf":[],"_links":{"self":[{"href":"https:\/\/brunnertraduzioni.ch\/de\/wp-json\/wp\/v2\/pages\/656","targetHints":{"allow":["GET"]}}],"collection":[{"href":"https:\/\/brunnertraduzioni.ch\/de\/wp-json\/wp\/v2\/pages"}],"about":[{"href":"https:\/\/brunnertraduzioni.ch\/de\/wp-json\/wp\/v2\/types\/page"}],"author":[{"embeddable":true,"href":"https:\/\/brunnertraduzioni.ch\/de\/wp-json\/wp\/v2\/users\/3"}],"replies":[{"embeddable":true,"href":"https:\/\/brunnertraduzioni.ch\/de\/wp-json\/wp\/v2\/comments?post=656"}],"version-history":[{"count":0,"href":"https:\/\/brunnertraduzioni.ch\/de\/wp-json\/wp\/v2\/pages\/656\/revisions"}],"wp:attachment":[{"href":"https:\/\/brunnertraduzioni.ch\/de\/wp-json\/wp\/v2\/media?parent=656"}],"curies":[{"name":"wp","href":"https:\/\/api.w.org\/{rel}","templated":true}]}}